{"id":455,"date":"2025-05-30T16:36:07","date_gmt":"2025-05-30T15:36:07","guid":{"rendered":"https:\/\/indecisasproducoes.com\/?page_id=455"},"modified":"2025-05-31T23:12:40","modified_gmt":"2025-05-31T22:12:40","slug":"quem-somos","status":"publish","type":"page","link":"https:\/\/indecisasproducoes.com\/?page_id=455","title":{"rendered":"Quem somos"},"content":{"rendered":"\n<p><strong>A associa\u00e7\u00e3o surgiu da uni\u00e3o de v\u00e1rios artistas profissionais de diferentes \u00e1reas. Na base da <\/strong><strong>iniciativa<\/strong> <strong>esteve<\/strong><strong> a convic\u00e7\u00e3o e a necessidade de criar novos projectos, de promover a investiga\u00e7\u00e3o, cria\u00e7\u00e3o, produ\u00e7\u00e3o e difus\u00e3o art\u00edstica; e de fomentar um trabalho art\u00edstico cont\u00ednuo e regular.&nbsp;<\/strong><\/p>\n\n\n\n<p><strong>A nossa atividade contempla projetos em diversos dom\u00ednios art\u00edsticos como as artes circenses, performativas, pl\u00e1sticas, audiovisuais, multim\u00e9dia, entre outras.<\/strong><\/p>\n\n\n\n<p><strong>Temos como objetivo criar projetos inovadores atrav\u00e9s do cruzamento&nbsp;de&nbsp;disciplinas, contribuindo para o desenvolvimento e valoriza\u00e7\u00e3o das artes e da cultura em territ\u00f3rio nacional e internacional.<\/strong><\/p>\n","protected":false},"excerpt":{"rendered":"<p>A associa\u00e7\u00e3o surgiu da uni\u00e3o de v\u00e1rios artistas profissionais de diferentes \u00e1reas. Na base da iniciativa esteve a convic\u00e7\u00e3o e a necessidade de criar novos projectos, de promover a investiga\u00e7\u00e3o, cria\u00e7\u00e3o, produ\u00e7\u00e3o e difus\u00e3o art\u00edstica; e de fomentar um trabalho art\u00edstico cont\u00ednuo e regular.&nbsp; A nossa atividade contempla projetos em diversos dom\u00ednios art\u00edsticos como as [&hellip;]<\/p>\n","protected":false},"author":2,"featured_media":0,"parent":0,"menu_order":0,"comment_status":"closed","ping_status":"closed","template":"","meta":{"footnotes":""},"class_list":["post-455","page","type-page","status-publish","hentry"],"_links":{"self":[{"href":"https:\/\/indecisasproducoes.com\/index.php?rest_route=\/wp\/v2\/pages\/455","targetHints":{"allow":["GET"]}}],"collection":[{"href":"https:\/\/indecisasproducoes.com\/index.php?rest_route=\/wp\/v2\/pages"}],"about":[{"href":"https:\/\/indecisasproducoes.com\/index.php?rest_route=\/wp\/v2\/types\/page"}],"author":[{"embeddable":true,"href":"https:\/\/indecisasproducoes.com\/index.php?rest_route=\/wp\/v2\/users\/2"}],"replies":[{"embeddable":true,"href":"https:\/\/indecisasproducoes.com\/index.php?rest_route=%2Fwp%2Fv2%2Fcomments&post=455"}],"version-history":[{"count":2,"href":"https:\/\/indecisasproducoes.com\/index.php?rest_route=\/wp\/v2\/pages\/455\/revisions"}],"predecessor-version":[{"id":520,"href":"https:\/\/indecisasproducoes.com\/index.php?rest_route=\/wp\/v2\/pages\/455\/revisions\/520"}],"wp:attachment":[{"href":"https:\/\/indecisasproducoes.com\/index.php?rest_route=%2Fwp%2Fv2%2Fmedia&parent=455"}],"curies":[{"name":"wp","href":"https:\/\/api.w.org\/{rel}","templated":true}]}}