{"id":421,"date":"2025-05-30T15:12:50","date_gmt":"2025-05-30T14:12:50","guid":{"rendered":"https:\/\/indecisasproducoes.com\/?page_id=421"},"modified":"2025-06-01T00:23:50","modified_gmt":"2025-05-31T23:23:50","slug":"421-2","status":"publish","type":"page","link":"https:\/\/indecisasproducoes.com\/","title":{"rendered":"In\u00edcio"},"content":{"rendered":"\n<div class=\"wp-block-group alignfull has-global-padding is-layout-constrained wp-block-group-is-layout-constrained\">\n<div class=\"wp-block-cb-carousel-v2 alignfull cb-carousel-block cb-single-slide\" data-cb-slides-per-view=\"1\" data-cb-slides-per-group=\"1\" data-cb-space-between=\"0\" data-cb-speed=\"300\" data-cb-navigation=\"true\" data-cb-pagination=\"true\" data-cb-loop=\"true\" data-cb-autoplay=\"true\" data-cb-autoplay-speed=\"3000\" data-cb-breakpoints=\"{&quot;768&quot;:{&quot;slidesPerView&quot;:1,&quot;slidesPerGroup&quot;:1}}\"><div class=\"swiper\"><div class=\"cb-wrapper swiper-wrapper\">\n<div class=\"wp-block-cb-slide-v2 cb-slide swiper-slide\">\n<figure class=\"wp-block-image size-full\"><img loading=\"lazy\" decoding=\"async\" width=\"2560\" height=\"1706\" src=\"https:\/\/indecisasproducoes.com\/wp-content\/uploads\/2022\/03\/Fabrica-dos-Brinquedos-acrobacia-scaled.jpg\" alt=\"\" class=\"wp-image-380\" style=\"aspect-ratio:16\/9;object-fit:cover\" srcset=\"https:\/\/indecisasproducoes.com\/wp-content\/uploads\/2022\/03\/Fabrica-dos-Brinquedos-acrobacia-scaled.jpg 2560w, https:\/\/indecisasproducoes.com\/wp-content\/uploads\/2022\/03\/Fabrica-dos-Brinquedos-acrobacia-300x200.jpg 300w, https:\/\/indecisasproducoes.com\/wp-content\/uploads\/2022\/03\/Fabrica-dos-Brinquedos-acrobacia-1024x683.jpg 1024w, https:\/\/indecisasproducoes.com\/wp-content\/uploads\/2022\/03\/Fabrica-dos-Brinquedos-acrobacia-768x512.jpg 768w, https:\/\/indecisasproducoes.com\/wp-content\/uploads\/2022\/03\/Fabrica-dos-Brinquedos-acrobacia-1536x1024.jpg 1536w, https:\/\/indecisasproducoes.com\/wp-content\/uploads\/2022\/03\/Fabrica-dos-Brinquedos-acrobacia-2048x1365.jpg 2048w, https:\/\/indecisasproducoes.com\/wp-content\/uploads\/2022\/03\/Fabrica-dos-Brinquedos-acrobacia-1200x800.jpg 1200w, https:\/\/indecisasproducoes.com\/wp-content\/uploads\/2022\/03\/Fabrica-dos-Brinquedos-acrobacia-1980x1320.jpg 1980w\" sizes=\"auto, (max-width: 2560px) 100vw, 2560px\" \/><\/figure>\n<\/div>\n\n\n\n<div class=\"wp-block-cb-slide-v2 cb-slide swiper-slide\">\n<figure class=\"wp-block-image size-full\"><img loading=\"lazy\" decoding=\"async\" width=\"1706\" height=\"2560\" src=\"https:\/\/indecisasproducoes.com\/wp-content\/uploads\/2022\/03\/Espetaculo-MUSCIDA-a\u00e9reos-e-proje\u00e7\u00e3o-de-video-scaled.jpg\" alt=\"acrobata suspensa num arco a\u00e9reo\" class=\"wp-image-371\" style=\"aspect-ratio:16\/9;object-fit:cover\" srcset=\"https:\/\/indecisasproducoes.com\/wp-content\/uploads\/2022\/03\/Espetaculo-MUSCIDA-a\u00e9reos-e-proje\u00e7\u00e3o-de-video-scaled.jpg 1706w, https:\/\/indecisasproducoes.com\/wp-content\/uploads\/2022\/03\/Espetaculo-MUSCIDA-a\u00e9reos-e-proje\u00e7\u00e3o-de-video-200x300.jpg 200w, https:\/\/indecisasproducoes.com\/wp-content\/uploads\/2022\/03\/Espetaculo-MUSCIDA-a\u00e9reos-e-proje\u00e7\u00e3o-de-video-683x1024.jpg 683w, https:\/\/indecisasproducoes.com\/wp-content\/uploads\/2022\/03\/Espetaculo-MUSCIDA-a\u00e9reos-e-proje\u00e7\u00e3o-de-video-768x1152.jpg 768w, https:\/\/indecisasproducoes.com\/wp-content\/uploads\/2022\/03\/Espetaculo-MUSCIDA-a\u00e9reos-e-proje\u00e7\u00e3o-de-video-1024x1536.jpg 1024w, https:\/\/indecisasproducoes.com\/wp-content\/uploads\/2022\/03\/Espetaculo-MUSCIDA-a\u00e9reos-e-proje\u00e7\u00e3o-de-video-1365x2048.jpg 1365w, https:\/\/indecisasproducoes.com\/wp-content\/uploads\/2022\/03\/Espetaculo-MUSCIDA-a\u00e9reos-e-proje\u00e7\u00e3o-de-video-1200x1800.jpg 1200w, https:\/\/indecisasproducoes.com\/wp-content\/uploads\/2022\/03\/Espetaculo-MUSCIDA-a\u00e9reos-e-proje\u00e7\u00e3o-de-video-1980x2970.jpg 1980w\" sizes=\"auto, (max-width: 1706px) 100vw, 1706px\" \/><\/figure>\n<\/div>\n\n\n\n<div class=\"wp-block-cb-slide-v2 cb-slide swiper-slide\">\n<figure class=\"wp-block-image size-full\"><img loading=\"lazy\" decoding=\"async\" width=\"2560\" height=\"1920\" src=\"https:\/\/indecisasproducoes.com\/wp-content\/uploads\/2022\/03\/Espetaculo-MUSCIDA-malabarismo-de-fogo-scaled.jpeg\" alt=\"\" class=\"wp-image-374\" style=\"aspect-ratio:16\/9;object-fit:cover\" srcset=\"https:\/\/indecisasproducoes.com\/wp-content\/uploads\/2022\/03\/Espetaculo-MUSCIDA-malabarismo-de-fogo-scaled.jpeg 2560w, https:\/\/indecisasproducoes.com\/wp-content\/uploads\/2022\/03\/Espetaculo-MUSCIDA-malabarismo-de-fogo-300x225.jpeg 300w, https:\/\/indecisasproducoes.com\/wp-content\/uploads\/2022\/03\/Espetaculo-MUSCIDA-malabarismo-de-fogo-1024x768.jpeg 1024w, https:\/\/indecisasproducoes.com\/wp-content\/uploads\/2022\/03\/Espetaculo-MUSCIDA-malabarismo-de-fogo-768x576.jpeg 768w, https:\/\/indecisasproducoes.com\/wp-content\/uploads\/2022\/03\/Espetaculo-MUSCIDA-malabarismo-de-fogo-1536x1152.jpeg 1536w, https:\/\/indecisasproducoes.com\/wp-content\/uploads\/2022\/03\/Espetaculo-MUSCIDA-malabarismo-de-fogo-2048x1536.jpeg 2048w, https:\/\/indecisasproducoes.com\/wp-content\/uploads\/2022\/03\/Espetaculo-MUSCIDA-malabarismo-de-fogo-1200x900.jpeg 1200w, https:\/\/indecisasproducoes.com\/wp-content\/uploads\/2022\/03\/Espetaculo-MUSCIDA-malabarismo-de-fogo-1980x1485.jpeg 1980w\" sizes=\"auto, (max-width: 2560px) 100vw, 2560px\" \/><\/figure>\n<\/div>\n<\/div><\/div><div class=\"cb-pagination swiper-pagination\"><\/div><div class=\"cb-button-prev swiper-button-prev\"><\/div><div class=\"cb-button-next swiper-button-next\"><\/div><\/div>\n<\/div>\n\n\n\n<div class=\"wp-block-group alignfull has-global-padding is-layout-constrained wp-container-core-group-is-layout-481dc8fc wp-block-group-is-layout-constrained\" style=\"margin-top:0;margin-bottom:0;padding-top:0;padding-right:0;padding-bottom:0;padding-left:0\">\n<div class=\"wp-block-group alignfull has-global-padding is-layout-constrained wp-block-group-is-layout-constrained\" style=\"padding-top:var(--wp--preset--spacing--30)\">\n<h2 class=\"wp-block-heading has-text-align-center has-xx-large-font-size\" style=\"margin-right:0;margin-left:0;padding-right:0;padding-left:0\">Indecisas Produ\u00e7\u00f5es<\/h2>\n\n\n\n<figure class=\"wp-block-image size-large\"><img loading=\"lazy\" decoding=\"async\" width=\"1024\" height=\"458\" src=\"https:\/\/indecisasproducoes.com\/wp-content\/uploads\/2025\/05\/EmConstrucao-1024x458.png\" alt=\"\" class=\"wp-image-512\" srcset=\"https:\/\/indecisasproducoes.com\/wp-content\/uploads\/2025\/05\/EmConstrucao-1024x458.png 1024w, https:\/\/indecisasproducoes.com\/wp-content\/uploads\/2025\/05\/EmConstrucao-300x134.png 300w, https:\/\/indecisasproducoes.com\/wp-content\/uploads\/2025\/05\/EmConstrucao-768x343.png 768w, https:\/\/indecisasproducoes.com\/wp-content\/uploads\/2025\/05\/EmConstrucao-1536x686.png 1536w, https:\/\/indecisasproducoes.com\/wp-content\/uploads\/2025\/05\/EmConstrucao.png 1600w\" sizes=\"auto, (max-width: 1024px) 100vw, 1024px\" \/><\/figure>\n\n\n\n<p class=\"has-text-align-center\"><strong>A nossa atividade contempla projetos em diversos dom\u00ednios art\u00edsticos como as artes circenses, performativas, pl\u00e1sticas, audiovisuais, multimedia, entre outras.<\/strong><\/p>\n\n\n\n<div class=\"wp-block-buttons is-content-justification-center is-layout-flex wp-container-core-buttons-is-layout-a89b3969 wp-block-buttons-is-layout-flex\">\n<div class=\"wp-block-button\"><a class=\"wp-block-button__link wp-element-button\">Saiba mais<\/a><\/div>\n<\/div>\n<\/div>\n<\/div>\n\n\n\n<div class=\"wp-block-group alignfull is-style-section-1 has-global-padding is-layout-constrained wp-block-group-is-layout-constrained is-style-section-1--1\" style=\"margin-top:0;margin-bottom:0;padding-top:var(--wp--preset--spacing--80);padding-bottom:var(--wp--preset--spacing--80)\">\n<div class=\"wp-block-columns alignwide is-layout-flex wp-container-core-columns-is-layout-66fad18a wp-block-columns-is-layout-flex\">\n<div class=\"wp-block-column is-layout-flow wp-block-column-is-layout-flow\" style=\"padding-right:var(--wp--preset--spacing--50);flex-basis:45%\">\n<figure class=\"wp-block-image size-full\"><img loading=\"lazy\" decoding=\"async\" width=\"2560\" height=\"1706\" src=\"https:\/\/indecisasproducoes.com\/wp-content\/uploads\/2022\/03\/F\u00e1brica-dos-Brinquedos-Duende-scaled.jpg\" alt=\"\" class=\"wp-image-376\" srcset=\"https:\/\/indecisasproducoes.com\/wp-content\/uploads\/2022\/03\/F\u00e1brica-dos-Brinquedos-Duende-scaled.jpg 2560w, https:\/\/indecisasproducoes.com\/wp-content\/uploads\/2022\/03\/F\u00e1brica-dos-Brinquedos-Duende-300x200.jpg 300w, https:\/\/indecisasproducoes.com\/wp-content\/uploads\/2022\/03\/F\u00e1brica-dos-Brinquedos-Duende-1024x683.jpg 1024w, https:\/\/indecisasproducoes.com\/wp-content\/uploads\/2022\/03\/F\u00e1brica-dos-Brinquedos-Duende-768x512.jpg 768w, https:\/\/indecisasproducoes.com\/wp-content\/uploads\/2022\/03\/F\u00e1brica-dos-Brinquedos-Duende-1536x1024.jpg 1536w, https:\/\/indecisasproducoes.com\/wp-content\/uploads\/2022\/03\/F\u00e1brica-dos-Brinquedos-Duende-2048x1365.jpg 2048w, https:\/\/indecisasproducoes.com\/wp-content\/uploads\/2022\/03\/F\u00e1brica-dos-Brinquedos-Duende-1200x800.jpg 1200w, https:\/\/indecisasproducoes.com\/wp-content\/uploads\/2022\/03\/F\u00e1brica-dos-Brinquedos-Duende-1980x1320.jpg 1980w\" sizes=\"auto, (max-width: 2560px) 100vw, 2560px\" \/><\/figure>\n\n\n\n<div class=\"wp-block-group has-global-padding is-layout-constrained wp-block-group-is-layout-constrained\" style=\"margin-top:-12vw\">\n<figure class=\"wp-block-image alignright size-full is-resized\" style=\"margin-right:-5vw;margin-left:-5vw\"><img loading=\"lazy\" decoding=\"async\" width=\"1707\" height=\"2560\" src=\"https:\/\/indecisasproducoes.com\/wp-content\/uploads\/2022\/03\/Espetaculo-MUSCIDA-malabarismo-de-fogo-e-proje\u00e7\u00e3o-de-video-scaled.jpg\" alt=\"\" class=\"wp-image-373\" style=\"width:202px\" srcset=\"https:\/\/indecisasproducoes.com\/wp-content\/uploads\/2022\/03\/Espetaculo-MUSCIDA-malabarismo-de-fogo-e-proje\u00e7\u00e3o-de-video-scaled.jpg 1707w, https:\/\/indecisasproducoes.com\/wp-content\/uploads\/2022\/03\/Espetaculo-MUSCIDA-malabarismo-de-fogo-e-proje\u00e7\u00e3o-de-video-200x300.jpg 200w, https:\/\/indecisasproducoes.com\/wp-content\/uploads\/2022\/03\/Espetaculo-MUSCIDA-malabarismo-de-fogo-e-proje\u00e7\u00e3o-de-video-683x1024.jpg 683w, https:\/\/indecisasproducoes.com\/wp-content\/uploads\/2022\/03\/Espetaculo-MUSCIDA-malabarismo-de-fogo-e-proje\u00e7\u00e3o-de-video-768x1152.jpg 768w, https:\/\/indecisasproducoes.com\/wp-content\/uploads\/2022\/03\/Espetaculo-MUSCIDA-malabarismo-de-fogo-e-proje\u00e7\u00e3o-de-video-1024x1536.jpg 1024w, https:\/\/indecisasproducoes.com\/wp-content\/uploads\/2022\/03\/Espetaculo-MUSCIDA-malabarismo-de-fogo-e-proje\u00e7\u00e3o-de-video-1365x2048.jpg 1365w, https:\/\/indecisasproducoes.com\/wp-content\/uploads\/2022\/03\/Espetaculo-MUSCIDA-malabarismo-de-fogo-e-proje\u00e7\u00e3o-de-video-1200x1800.jpg 1200w, https:\/\/indecisasproducoes.com\/wp-content\/uploads\/2022\/03\/Espetaculo-MUSCIDA-malabarismo-de-fogo-e-proje\u00e7\u00e3o-de-video-1980x2970.jpg 1980w\" sizes=\"auto, (max-width: 1707px) 100vw, 1707px\" \/><\/figure>\n<\/div>\n<\/div>\n\n\n\n<div class=\"wp-block-column is-vertically-aligned-center is-layout-flow wp-block-column-is-layout-flow\" style=\"padding-right:0;padding-left:0;flex-basis:50%\">\n<div class=\"wp-block-group is-vertical is-layout-flex wp-container-core-group-is-layout-fe9cc265 wp-block-group-is-layout-flex\">\n<h2 class=\"wp-block-heading is-style-text-annotation is-style-text-annotation--2\">Sobre<\/h2>\n<\/div>\n\n\n\n<p class=\"is-style-text-subtitle is-style-text-subtitle--3\">A associa\u00e7\u00e3o surgiu da uni\u00e3o de v\u00e1rios artistas profissionais de diferentes \u00e1reas. Na base da iniciativa esteve a convic\u00e7\u00e3o e a necessidade de criar novos projectos, de promover a investiga\u00e7\u00e3o, cria\u00e7\u00e3o, produ\u00e7\u00e3o e difus\u00e3o art\u00edstica; e de fomentar um trabalho art\u00edstico cont\u00ednuo e regular.&nbsp;<\/p>\n<\/div>\n<\/div>\n<\/div>\n\n\n\n<div class=\"wp-block-group has-global-padding is-layout-constrained wp-container-core-group-is-layout-ebee8dc1 wp-block-group-is-layout-constrained\" style=\"margin-top:0;margin-bottom:0;padding-top:var(--wp--preset--spacing--50);padding-bottom:var(--wp--preset--spacing--50)\">\n<h2 class=\"wp-block-heading alignwide\">Espet\u00e1culos<\/h2>\n\n\n\n<div class=\"wp-block-columns alignwide is-layout-flex wp-container-core-columns-is-layout-28f84493 wp-block-columns-is-layout-flex\">\n<div class=\"wp-block-column is-layout-flow wp-block-column-is-layout-flow\">\n<figure class=\"wp-block-image size-full\" style=\"margin-bottom:24px\"><img loading=\"lazy\" decoding=\"async\" width=\"2560\" height=\"1920\" src=\"https:\/\/indecisasproducoes.com\/wp-content\/uploads\/2022\/03\/Espetaculo-MUSCIDA-malabarismo-de-fogo-scaled.jpeg\" alt=\"\" class=\"wp-image-374\" style=\"aspect-ratio:4\/3;object-fit:cover\" srcset=\"https:\/\/indecisasproducoes.com\/wp-content\/uploads\/2022\/03\/Espetaculo-MUSCIDA-malabarismo-de-fogo-scaled.jpeg 2560w, https:\/\/indecisasproducoes.com\/wp-content\/uploads\/2022\/03\/Espetaculo-MUSCIDA-malabarismo-de-fogo-300x225.jpeg 300w, https:\/\/indecisasproducoes.com\/wp-content\/uploads\/2022\/03\/Espetaculo-MUSCIDA-malabarismo-de-fogo-1024x768.jpeg 1024w, https:\/\/indecisasproducoes.com\/wp-content\/uploads\/2022\/03\/Espetaculo-MUSCIDA-malabarismo-de-fogo-768x576.jpeg 768w, https:\/\/indecisasproducoes.com\/wp-content\/uploads\/2022\/03\/Espetaculo-MUSCIDA-malabarismo-de-fogo-1536x1152.jpeg 1536w, https:\/\/indecisasproducoes.com\/wp-content\/uploads\/2022\/03\/Espetaculo-MUSCIDA-malabarismo-de-fogo-2048x1536.jpeg 2048w, https:\/\/indecisasproducoes.com\/wp-content\/uploads\/2022\/03\/Espetaculo-MUSCIDA-malabarismo-de-fogo-1200x900.jpeg 1200w, https:\/\/indecisasproducoes.com\/wp-content\/uploads\/2022\/03\/Espetaculo-MUSCIDA-malabarismo-de-fogo-1980x1485.jpeg 1980w\" sizes=\"auto, (max-width: 2560px) 100vw, 2560px\" \/><\/figure>\n\n\n\n<h3 class=\"wp-block-heading\">Muscida<\/h3>\n\n\n\n<p class=\"has-medium-font-size\"><\/p>\n<\/div>\n\n\n\n<div class=\"wp-block-column is-layout-flow wp-block-column-is-layout-flow\">\n<figure class=\"wp-block-image size-full\" style=\"margin-bottom:24px\"><img loading=\"lazy\" decoding=\"async\" width=\"2560\" height=\"2190\" src=\"https:\/\/indecisasproducoes.com\/wp-content\/uploads\/2022\/03\/Espetaculo-Fabrica-dos-Brinquedos-Duendes-scaled.jpg\" alt=\"\" class=\"wp-image-375\" style=\"aspect-ratio:4\/3;object-fit:cover\" srcset=\"https:\/\/indecisasproducoes.com\/wp-content\/uploads\/2022\/03\/Espetaculo-Fabrica-dos-Brinquedos-Duendes-scaled.jpg 2560w, https:\/\/indecisasproducoes.com\/wp-content\/uploads\/2022\/03\/Espetaculo-Fabrica-dos-Brinquedos-Duendes-300x257.jpg 300w, https:\/\/indecisasproducoes.com\/wp-content\/uploads\/2022\/03\/Espetaculo-Fabrica-dos-Brinquedos-Duendes-1024x876.jpg 1024w, https:\/\/indecisasproducoes.com\/wp-content\/uploads\/2022\/03\/Espetaculo-Fabrica-dos-Brinquedos-Duendes-768x657.jpg 768w, https:\/\/indecisasproducoes.com\/wp-content\/uploads\/2022\/03\/Espetaculo-Fabrica-dos-Brinquedos-Duendes-1536x1314.jpg 1536w, https:\/\/indecisasproducoes.com\/wp-content\/uploads\/2022\/03\/Espetaculo-Fabrica-dos-Brinquedos-Duendes-2048x1752.jpg 2048w, https:\/\/indecisasproducoes.com\/wp-content\/uploads\/2022\/03\/Espetaculo-Fabrica-dos-Brinquedos-Duendes-1200x1027.jpg 1200w, https:\/\/indecisasproducoes.com\/wp-content\/uploads\/2022\/03\/Espetaculo-Fabrica-dos-Brinquedos-Duendes-1980x1694.jpg 1980w\" sizes=\"auto, (max-width: 2560px) 100vw, 2560px\" \/><\/figure>\n\n\n\n<h3 class=\"wp-block-heading\">F\u00e1brica dos brinquedos<\/h3>\n\n\n\n<p class=\"has-medium-font-size\"><\/p>\n<\/div>\n\n\n\n<div class=\"wp-block-column is-layout-flow wp-block-column-is-layout-flow\">\n<figure class=\"wp-block-image size-full\" style=\"margin-bottom:24px\"><img loading=\"lazy\" decoding=\"async\" width=\"2560\" height=\"2047\" src=\"https:\/\/indecisasproducoes.com\/wp-content\/uploads\/2022\/03\/Natal-Cascais-Indecisas-Produ\u00e7\u00f5es-8-scaled.jpeg\" alt=\"\" class=\"wp-image-179\" style=\"aspect-ratio:4\/3;object-fit:cover\" srcset=\"https:\/\/indecisasproducoes.com\/wp-content\/uploads\/2022\/03\/Natal-Cascais-Indecisas-Produ\u00e7\u00f5es-8-scaled.jpeg 2560w, https:\/\/indecisasproducoes.com\/wp-content\/uploads\/2022\/03\/Natal-Cascais-Indecisas-Produ\u00e7\u00f5es-8-300x240.jpeg 300w, https:\/\/indecisasproducoes.com\/wp-content\/uploads\/2022\/03\/Natal-Cascais-Indecisas-Produ\u00e7\u00f5es-8-1024x819.jpeg 1024w, https:\/\/indecisasproducoes.com\/wp-content\/uploads\/2022\/03\/Natal-Cascais-Indecisas-Produ\u00e7\u00f5es-8-768x614.jpeg 768w, https:\/\/indecisasproducoes.com\/wp-content\/uploads\/2022\/03\/Natal-Cascais-Indecisas-Produ\u00e7\u00f5es-8-1536x1228.jpeg 1536w, https:\/\/indecisasproducoes.com\/wp-content\/uploads\/2022\/03\/Natal-Cascais-Indecisas-Produ\u00e7\u00f5es-8-2048x1638.jpeg 2048w, https:\/\/indecisasproducoes.com\/wp-content\/uploads\/2022\/03\/Natal-Cascais-Indecisas-Produ\u00e7\u00f5es-8-1200x960.jpeg 1200w, https:\/\/indecisasproducoes.com\/wp-content\/uploads\/2022\/03\/Natal-Cascais-Indecisas-Produ\u00e7\u00f5es-8-1980x1584.jpeg 1980w\" sizes=\"auto, (max-width: 2560px) 100vw, 2560px\" \/><\/figure>\n\n\n\n<h3 class=\"wp-block-heading\">Natal de Cascais<\/h3>\n\n\n\n<p class=\"has-medium-font-size\"><\/p>\n<\/div>\n<\/div>\n<\/div>\n\n\n\n<aside class=\"wp-block-group alignfull is-style-section-3 has-global-padding is-layout-constrained wp-container-core-group-is-layout-f0f2a97b wp-block-group-is-layout-constrained is-style-section-3--4\" style=\"margin-top:0;margin-bottom:0;padding-top:var(--wp--preset--spacing--50);padding-right:var(--wp--preset--spacing--50);padding-bottom:var(--wp--preset--spacing--50);padding-left:var(--wp--preset--spacing--50)\">\n<div class=\"wp-block-group alignfull is-style-default is-vertical is-content-justification-center is-layout-flex wp-container-core-group-is-layout-638b3677 wp-block-group-is-layout-flex\" style=\"min-height:360px;margin-top:0;margin-bottom:0;padding-top:0;padding-right:0;padding-bottom:0;padding-left:0\">\n<h2 class=\"wp-block-heading has-xx-large-font-size\">Contacte-nos<\/h2>\n\n\n\n<div class=\"wp-block-group has-global-padding is-content-justification-center is-layout-constrained wp-block-group-is-layout-constrained\">\n<div class=\"wp-block-group wp-container-content-f67f277b is-vertical is-layout-flex wp-container-core-group-is-layout-fe9cc265 wp-block-group-is-layout-flex\">\n<h3 class=\"wp-block-heading has-medium-font-size\" style=\"font-style:normal;font-weight:700\">Social media<\/h3>\n\n\n<nav class=\"has-medium-font-size  is-vertical wp-block-navigation is-layout-flex wp-container-core-navigation-is-layout-98bb686d wp-block-navigation-is-layout-flex\" aria-label=\"Social media Social media\"><ul class=\"wp-block-navigation__container has-medium-font-size  is-vertical wp-block-navigation has-medium-font-size\" aria-label=\"Social media\"><li class=\"has-medium-font-size wp-block-navigation-item wp-block-navigation-link\"><a class=\"wp-block-navigation-item__content\"  href=\"#\"><span class=\"wp-block-navigation-item__label\">Instagram<\/span><\/a><\/li><li class=\"has-medium-font-size wp-block-navigation-item wp-block-navigation-link\"><a class=\"wp-block-navigation-item__content\"  href=\"#\"><span class=\"wp-block-navigation-item__label\">Facebook<\/span><\/a><\/li><\/ul><\/nav>\n\n\n<div class=\"wp-block-group wp-container-content-69bc4bdf has-global-padding is-content-justification-left is-layout-constrained wp-container-core-group-is-layout-12dd3699 wp-block-group-is-layout-constrained\">\n<div class=\"wp-block-columns is-layout-flex wp-container-core-columns-is-layout-28f84493 wp-block-columns-is-layout-flex\">\n<div class=\"wp-block-column is-style-default is-layout-flow wp-container-core-column-is-layout-8a368f38 wp-block-column-is-layout-flow\">\n<h3 class=\"wp-block-heading has-medium-font-size\" style=\"font-style:normal;font-weight:700\">Email<\/h3>\n\n\n\n<p class=\"has-medium-font-size\">indecisasprod@gmail.com<\/p>\n<\/div>\n\n\n\n<div class=\"wp-block-column is-layout-flow wp-block-column-is-layout-flow\">\n<h3 class=\"wp-block-heading has-medium-font-size\" style=\"font-style:normal;font-weight:700\">Telefones<\/h3>\n\n\n\n<p class=\"has-medium-font-size\">+351 969 472 809<\/p>\n\n\n\n<p class=\"has-medium-font-size\">+351 934 167 957<\/p>\n<\/div>\n<\/div>\n<\/div>\n<\/div>\n<\/div>\n<\/div>\n<\/aside>\n","protected":false},"excerpt":{"rendered":"<p>Indecisas Produ\u00e7\u00f5es A nossa atividade contempla projetos em diversos dom\u00ednios art\u00edsticos como as artes circenses, performativas, pl\u00e1sticas, audiovisuais, multimedia, entre outras. Sobre A associa\u00e7\u00e3o surgiu da uni\u00e3o de v\u00e1rios artistas profissionais de diferentes \u00e1reas. Na base da iniciativa esteve a convic\u00e7\u00e3o e a necessidade de criar novos projectos, de promover a investiga\u00e7\u00e3o, cria\u00e7\u00e3o, produ\u00e7\u00e3o e [&hellip;]<\/p>\n","protected":false},"author":2,"featured_media":0,"parent":0,"menu_order":0,"comment_status":"closed","ping_status":"closed","template":"page-no-title","meta":{"footnotes":""},"class_list":["post-421","page","type-page","status-publish","hentry"],"_links":{"self":[{"href":"https:\/\/indecisasproducoes.com\/index.php?rest_route=\/wp\/v2\/pages\/421","targetHints":{"allow":["GET"]}}],"collection":[{"href":"https:\/\/indecisasproducoes.com\/index.php?rest_route=\/wp\/v2\/pages"}],"about":[{"href":"https:\/\/indecisasproducoes.com\/index.php?rest_route=\/wp\/v2\/types\/page"}],"author":[{"embeddable":true,"href":"https:\/\/indecisasproducoes.com\/index.php?rest_route=\/wp\/v2\/users\/2"}],"replies":[{"embeddable":true,"href":"https:\/\/indecisasproducoes.com\/index.php?rest_route=%2Fwp%2Fv2%2Fcomments&post=421"}],"version-history":[{"count":37,"href":"https:\/\/indecisasproducoes.com\/index.php?rest_route=\/wp\/v2\/pages\/421\/revisions"}],"predecessor-version":[{"id":538,"href":"https:\/\/indecisasproducoes.com\/index.php?rest_route=\/wp\/v2\/pages\/421\/revisions\/538"}],"wp:attachment":[{"href":"https:\/\/indecisasproducoes.com\/index.php?rest_route=%2Fwp%2Fv2%2Fmedia&parent=421"}],"curies":[{"name":"wp","href":"https:\/\/api.w.org\/{rel}","templated":true}]}}